{"id":3501,"date":"2026-04-30T10:15:05","date_gmt":"2026-04-30T09:15:05","guid":{"rendered":"https:\/\/top-conference.sk\/?page_id=3501"},"modified":"2026-04-30T15:20:43","modified_gmt":"2026-04-30T14:20:43","slug":"terminy-a-platby","status":"publish","type":"page","link":"https:\/\/top-conference.sk\/en\/terminy-a-platby\/","title":{"rendered":"Dates and Payments"},"content":{"rendered":"<p><\/p>\n<ul>\n<li><strong>Registration:<\/strong> September 30, 2026<\/li>\n<li><strong>Abstract submission (EN) and registration:<\/strong> August 14, 2026<\/li>\n<li><strong>Final paper version for conference proceedings:<\/strong> September 14, 2026<\/li>\n<li><strong>Final conference program:<\/strong> October 10, 2026<\/li>\n<\/ul>\n<hr \/>\n<p>&nbsp;<\/p>\n<table style=\"width: auto; border-collapse: collapse; display: inline-table;\">\n<tbody>\n<tr>\n<th><\/th>\n<th style=\"text-align: right; padding: 4px 12px; white-space: nowrap;\">until Aug 31<\/th>\n<th style=\"text-align: right; padding: 4px 12px; white-space: nowrap;\">until Sep 30<\/th>\n<\/tr>\n<tr>\n<td style=\"padding: 4px 12px; white-space: nowrap;\">Participant<\/td>\n<td style=\"text-align: right; padding: 4px 12px; white-space: nowrap;\">360 \u20ac<\/td>\n<td style=\"text-align: right; padding: 4px 12px; white-space: nowrap;\">400 \u20ac<\/td>\n<\/tr>\n<tr>\n<td style=\"padding: 4px 12px; white-space: nowrap;\">Accompanying person<\/td>\n<td style=\"text-align: right; padding: 4px 12px; white-space: nowrap;\">260 \u20ac<\/td>\n<td style=\"text-align: right; padding: 4px 12px; white-space: nowrap;\">360 \u20ac<\/td>\n<\/tr>\n<tr>\n<td style=\"padding: 4px 12px; white-space: nowrap;\">PhD student<\/td>\n<td style=\"text-align: right; padding: 4px 12px; white-space: nowrap;\">260 \u20ac<\/td>\n<td style=\"text-align: right; padding: 4px 12px; white-space: nowrap;\">360 \u20ac<\/td>\n<\/tr>\n<tr>\n<td style=\"padding: 4px 12px; white-space: nowrap;\">Company presentation<\/td>\n<td style=\"text-align: right; padding: 4px 12px; white-space: nowrap;\" colspan=\"2\">1 500 \u20ac<\/td>\n<\/tr>\n<tr>\n<td style=\"padding: 4px 12px; white-space: nowrap;\">Exhibition table<\/td>\n<td style=\"text-align: right; padding: 4px 12px; white-space: nowrap;\" colspan=\"2\">1 200 \u20ac<\/td>\n<\/tr>\n<\/tbody>\n<\/table>\n<h3>What is included in the fee?<\/h3>\n<ul style=\"margin-top: 10px;\">\n<li><strong>Participant:<\/strong> conference materials, lunch, dinner, refreshments<\/li>\n<li><strong>Accompanying person:<\/strong> lunch, dinner, refreshments<\/li>\n<li><strong>PhD student:<\/strong> conference materials, lunch, dinner, refreshments<\/li>\n<li><strong>Company presentation:<\/strong> participation fee for 1 person, presentation, company promotion, poster, refreshments<\/li>\n<li><strong>Exhibition table:<\/strong> participation fee for 1 person, company presentation at table, refreshments<\/li>\n<\/ul>\n<p>&nbsp;<\/p>\n<h3>Payment details<\/h3>\n<h3>Conference payment is possible exclusively via bank transfer. Please note that all bank charges and transfer fees must be covered by the sender so that the organizing committee receives the exact amount stated in the application.<\/h3>\n<p>SLOVAK ASSOCIATION OF MECHANICAL ENGINEERS<br \/>\nN\u00e1mestie slobody 17<br \/>\n812 31 Bratislava<\/p>\n<p><strong>ID No.:<\/strong> 30808693<br \/>\n<strong>Registration No.:<\/strong> 0030808693<br \/>\n<strong>Tax ID:<\/strong> 2020814818<br \/>\n<strong>Bank:<\/strong> Slovensk\u00e1 sporite\u013e\u0148a, a. s. Bratislava<br \/>\n<strong>Account number:<\/strong> 0011494886\/0900<br \/>\n<strong>IBAN:<\/strong> SK38 0900 0000 0000 1149 4886<br \/>\n<strong>Account name:<\/strong> Slovak Association of Mechanical Engineers<br \/>\n<strong>SWIFT (BIC):<\/strong> GIBASKBX<br \/>\n<strong>Reference number:<\/strong> 131026<\/p>\n<p>Please include in the payment note: TOP2026 \/ participant name.<\/p>\n<p>For payment-related inquiries, you may contact Ing. Lucia Plosku\u0148\u00e1kov\u00e1, tel. <a href=\"tel:00421917822007\">+421 917 822 007<\/a>, e-mail: <a href=\"mailto:lucia.ploskunakova@stuba.sk\">lucia.ploskunakova@stuba.sk<\/a><\/p>","protected":false},"excerpt":{"rendered":"<p>Registration: September 30, 2026 Abstract submission (EN) and registration: August 14, 2026 Final paper version for conference proceedings: September 14, 2026 Final conference program: October 10, 2026 &nbsp; until Aug 31 until Sep 30 Participant 360 \u20ac 400 \u20ac Accompanying person 260 \u20ac 360 \u20ac PhD student 260 \u20ac 360 \u20ac Company presentation 1 500 [&hellip;]<\/p>\n","protected":false},"author":6,"featured_media":0,"parent":0,"menu_order":0,"comment_status":"closed","ping_status":"closed","template":"","meta":{"_acf_changed":false,"footnotes":""},"class_list":["post-3501","page","type-page","status-publish","hentry"],"acf":[],"_links":{"self":[{"href":"https:\/\/top-conference.sk\/en\/wp-json\/wp\/v2\/pages\/3501","targetHints":{"allow":["GET"]}}],"collection":[{"href":"https:\/\/top-conference.sk\/en\/wp-json\/wp\/v2\/pages"}],"about":[{"href":"https:\/\/top-conference.sk\/en\/wp-json\/wp\/v2\/types\/page"}],"author":[{"embeddable":true,"href":"https:\/\/top-conference.sk\/en\/wp-json\/wp\/v2\/users\/6"}],"replies":[{"embeddable":true,"href":"https:\/\/top-conference.sk\/en\/wp-json\/wp\/v2\/comments?post=3501"}],"version-history":[{"count":6,"href":"https:\/\/top-conference.sk\/en\/wp-json\/wp\/v2\/pages\/3501\/revisions"}],"predecessor-version":[{"id":3511,"href":"https:\/\/top-conference.sk\/en\/wp-json\/wp\/v2\/pages\/3501\/revisions\/3511"}],"wp:attachment":[{"href":"https:\/\/top-conference.sk\/en\/wp-json\/wp\/v2\/media?parent=3501"}],"curies":[{"name":"wp","href":"https:\/\/api.w.org\/{rel}","templated":true}]}}