{"id":3528,"date":"2026-05-02T20:22:32","date_gmt":"2026-05-02T19:22:32","guid":{"rendered":"https:\/\/top-conference.sk\/?page_id=3528"},"modified":"2026-05-02T20:22:32","modified_gmt":"2026-05-02T19:22:32","slug":"ubytovanie","status":"publish","type":"page","link":"https:\/\/top-conference.sk\/en\/ubytovanie\/","title":{"rendered":"Accommodation"},"content":{"rendered":"<p><\/p>\n<h3>Hotel Magn\u00f3lia, N\u00e1lepkova 1, 921 01 Pie\u0161tany, SR, <a href=\"tel:+42133243122\">+42133243122<\/a> or nearby hotels<\/h3>\n<p>If you wish to stay at Hotel Magn\u00f3lia, please make your reservation via e-mail at <a href=\"mailto:rezervacie@hotelmagnolia.sk\">rezervacie@hotelmagnolia.sk<\/a> and include the PASSWORD: STU2026.<\/p>\n<p>Accommodation is not included in the conference fee. Each participant is responsible for arranging and paying for their own accommodation.<\/p>","protected":false},"excerpt":{"rendered":"<p>Hotel Magn\u00f3lia, N\u00e1lepkova 1, 921 01 Pie\u0161tany, SR, +42133243122 or nearby hotels If you wish to stay at Hotel Magn\u00f3lia, please make your reservation via e-mail at rezervacie@hotelmagnolia.sk and include the PASSWORD: STU2026. Accommodation is not included in the conference fee. Each participant is responsible for arranging and paying for their own accommodation.<\/p>\n","protected":false},"author":6,"featured_media":0,"parent":0,"menu_order":0,"comment_status":"closed","ping_status":"closed","template":"","meta":{"_acf_changed":false,"footnotes":""},"class_list":["post-3528","page","type-page","status-publish","hentry"],"acf":[],"_links":{"self":[{"href":"https:\/\/top-conference.sk\/en\/wp-json\/wp\/v2\/pages\/3528","targetHints":{"allow":["GET"]}}],"collection":[{"href":"https:\/\/top-conference.sk\/en\/wp-json\/wp\/v2\/pages"}],"about":[{"href":"https:\/\/top-conference.sk\/en\/wp-json\/wp\/v2\/types\/page"}],"author":[{"embeddable":true,"href":"https:\/\/top-conference.sk\/en\/wp-json\/wp\/v2\/users\/6"}],"replies":[{"embeddable":true,"href":"https:\/\/top-conference.sk\/en\/wp-json\/wp\/v2\/comments?post=3528"}],"version-history":[{"count":1,"href":"https:\/\/top-conference.sk\/en\/wp-json\/wp\/v2\/pages\/3528\/revisions"}],"predecessor-version":[{"id":3529,"href":"https:\/\/top-conference.sk\/en\/wp-json\/wp\/v2\/pages\/3528\/revisions\/3529"}],"wp:attachment":[{"href":"https:\/\/top-conference.sk\/en\/wp-json\/wp\/v2\/media?parent=3528"}],"curies":[{"name":"wp","href":"https:\/\/api.w.org\/{rel}","templated":true}]}}